{"id":12337,"date":"2022-10-25T09:51:25","date_gmt":"2022-10-25T09:51:25","guid":{"rendered":"https:\/\/senteursduvietnam.com\/terms-and-conditions\/"},"modified":"2026-03-08T01:50:21","modified_gmt":"2026-03-08T01:50:21","slug":"terms-and-conditions","status":"publish","type":"page","link":"https:\/\/senteursduvietnam.com\/es\/terms-and-conditions\/","title":{"rendered":"T\u00e9rminos y Condiciones"},"content":{"rendered":"\t\t<div data-elementor-type=\"wp-page\" data-elementor-id=\"12337\" class=\"elementor elementor-12337 elementor-7353\" data-elementor-post-type=\"page\">\n\t\t\t\t\t\t<section class=\"elementor-section elementor-top-section elementor-element elementor-element-5b28edb elementor-section-full_width elementor-section-height-min-height elementor-section-items-stretch elementor-section-content-middle elementor-section-stretched elementor-section-height-default\" data-id=\"5b28edb\" data-element_type=\"section\" data-e-type=\"section\" data-settings=\"{&quot;stretch_section&quot;:&quot;section-stretched&quot;,&quot;background_background&quot;:&quot;classic&quot;}\">\n\t\t\t\t\t\t<div class=\"elementor-container elementor-column-gap-default\">\n\t\t\t\t\t<div class=\"elementor-column elementor-col-100 elementor-top-column elementor-element elementor-element-ddc4da8\" data-id=\"ddc4da8\" data-element_type=\"column\" data-e-type=\"column\" data-settings=\"{&quot;background_background&quot;:&quot;classic&quot;}\">\n\t\t\t<div class=\"elementor-widget-wrap elementor-element-populated\">\n\t\t\t\t\t<div class=\"elementor-background-overlay\"><\/div>\n\t\t\t\t\t\t\t<\/div>\n\t\t<\/div>\n\t\t\t\t\t<\/div>\n\t\t<\/section>\n\t\t\t\t<div class=\"elementor-section elementor-top-section elementor-element elementor-element-666e49a elementor-section-stretched elementor-section-boxed elementor-section-height-default elementor-section-height-default\" data-id=\"666e49a\" data-element_type=\"section\" data-e-type=\"section\" data-settings=\"{&quot;stretch_section&quot;:&quot;section-stretched&quot;}\">\n\t\t\t\t\t\t<div class=\"elementor-container elementor-column-gap-no\">\n\t\t\t\t\t<div class=\"elementor-column elementor-col-100 elementor-top-column elementor-element elementor-element-9d931b7\" data-id=\"9d931b7\" data-element_type=\"column\" data-e-type=\"column\">\n\t\t\t<div class=\"elementor-widget-wrap elementor-element-populated\">\n\t\t\t\t\t\t<div class=\"elementor-element elementor-element-c335587 animated-fast elementor-invisible elementor-widget elementor-widget-heading\" data-id=\"c335587\" data-element_type=\"widget\" data-e-type=\"widget\" data-settings=\"{&quot;_animation&quot;:&quot;opal-move-up&quot;}\" data-widget_type=\"heading.default\">\n\t\t\t\t\t<h2 class=\"elementor-heading-title elementor-size-default\">Senteurs du Vietnam - Condiciones generales de venta<\/h2>\t\t\t\t<\/div>\n\t\t\t\t<div class=\"elementor-element elementor-element-72eb005 elementor-widget elementor-widget-text-editor\" data-id=\"72eb005\" data-element_type=\"widget\" data-e-type=\"widget\" data-widget_type=\"text-editor.default\">\n\t\t\t\t\t\t\t\t\t<p><strong>Senteurs du Vietnam<\/strong> es una agencia de viajes creada por dos franceses que residen en Vietnam y dependen de la ley vietnamita como lo demuestra la licencia tur\u00edstica local de la empresa <strong><a href=\"https:\/\/senteursduvietnam.com\/wp-content\/uploads\/2024\/09\/Licence-de-voyage-2024.pdf\" target=\"_blank\" rel=\"noopener\">disponible aqu\u00ed.<\/a><\/strong><\/p>\n<p><strong>1. Vigencia de las cotizaciones y ofertas enviadas<\/strong><\/p>\n<p><span lang=\"FR\">Los precios de nuestros programas y excursiones son v\u00e1lidos para todas las reservas realizadas y validadas dentro del l\u00edmite de la fecha de validez especificada en el programa o excursi\u00f3n y por defecto durante el mes siguiente al env\u00edo del programa o excursi\u00f3n.<\/span><\/p>\n<p><span lang=\"FR\">La reserva es efectiva y validada al recibir el pago o el dep\u00f3sito y los pasaportes de cada participaci\u00f3n. Cualquier modificaci\u00f3n o cancelaci\u00f3n posterior de una reserva est\u00e1 sujeta a nuestros t\u00e9rminos y condiciones (ver puntos 3 y 4). <\/span><\/p>\n<p><span lang=\"FR\">M\u00e1s all\u00e1 de este per\u00edodo, el precio puede ajustarse si se han producido cambios de precios, incluidos impuestos y costos administrativos, entradas a sitios, inflaci\u00f3n (petr\u00f3leo, alimentos), etc.<\/span><\/p>\n<p>Los hoteles mencionados en los programas son orientativos, sujetos a disponibilidad durante la validaci\u00f3n y podr\u00e1n ser modificados por hoteles de categor\u00edas equivalentes en caso de ser necesario. A menos que se indique lo contrario, el check-in es a partir de las 14:00 y el check-out antes del mediod\u00eda.<\/p><p>En caso de fuerza mayor (crisis econ\u00f3mica global, conflicto a gran escala, etc.) que afecte a una gran parte del mundo, nos reservamos el derecho de modificar el precio del viaje, por ejemplo durante un fuerte aumento en el costo de la gasolina.<\/p>\n<p><span lang=\"FR\">&nbsp;<\/span><\/p>\n<p><span lang=\"FR\"><em><strong>Observaci\u00f3n :<\/strong><\/em> Para todas as cotizaciones de viajes dentro de los pr\u00f3ximos 2 meses, consulte primero nuestros <a href=\"https:\/\/senteursduvietnam.com\/es\/ba_destinations\/circuits-complets-es\">tipos de programas<\/a> para tener una idea del presupuesto. De hecho, nos reservamos el derecho de cobrar 50 \u20ac por la propuesta de viaje que se deducir\u00e1 del costo del viaje durante la validaci\u00f3n.<\/span><\/p>\n<p><span lang=\"FR\">&nbsp;<\/span><\/p>\n<p><strong style=\"color: var( --e-global-color-text ); font-family: var( --e-global-typography-0b9c8aa-font-family ), Sans-serif; font-size: var( --e-global-typography-0b9c8aa-font-size ); letter-spacing: var( --e-global-typography-0b9c8aa-letter-spacing ); word-spacing: var( --e-global-typography-0b9c8aa-word-spacing );\">2. Validaci\u00f3n de reservas<\/strong><\/p>\n<p><strong style=\"color: var( --e-global-color-text ); font-family: var( --e-global-typography-0b9c8aa-font-family ), Sans-serif; font-size: var( --e-global-typography-0b9c8aa-font-size ); letter-spacing: var( --e-global-typography-0b9c8aa-letter-spacing ); word-spacing: var( --e-global-typography-0b9c8aa-word-spacing );\">2.1 Viajes completos<\/strong><\/p>\n<p>Para viajes completos, la validaci\u00f3n de la reserva solo es efectiva despu\u00e9s de haber recibido un dep\u00f3sito de al menos el 30% del precio total de la prestaci\u00f3n y ebe ir acompa\u00f1ado del env\u00edo de los pasaportes de cada participante dentro de las 72 horas siguientes a la validaci\u00f3n salvo que se indique lo contrario.<\/p>\n<p><span lang=\"FR\">El resto del pago debe hacerse a m\u00e1s tardar 45 d\u00edas antes de la fecha de salida de su viaje.<\/span><\/p>\n<p><span lang=\"FR\">&nbsp;<\/span><b>&nbsp;<\/b><strong>2.2 Crucero por la bah\u00eda de Halong y&nbsp;Excursiones a Vietnam<\/strong><\/p>\n<p>Para los cruceros en la Bah\u00eda de Halong y las Excursiones a Vietnam, la validaci\u00f3n de la reserva solo se realiza despu\u00e9s del pago de un dep\u00f3sito de al menos el 50% del precio total de la prestaci\u00f3n y debe ir acompa\u00f1ado del env\u00edo de los pasaportes de cada participante.<\/p>\n<p><span lang=\"FR\">El resto del pago debe pagarse a m\u00e1s tardar 45 d\u00edas antes de la fecha del crucero o excursi\u00f3n, a menos que se especifique lo contrario durante la validaci\u00f3n.<\/span><\/p>\n<p><strong>2.3 Excursiones puntuales<\/strong><\/p>\n<p>Para las Excursiones puntuales, la validaci\u00f3n de la reserva solo se realiza despu\u00e9s del pago de un dep\u00f3sito de al menos el 50% del precio total de la prestaci\u00f3n y debe ir acompa\u00f1ado del env\u00edo de los pasaportes de cada participante.<\/p>\n<p><span lang=\"FR\">El resto del pago debe ser pagado 15 d\u00edas antes de la fecha de la excursi\u00f3n y seg\u00fan acuerdo que se cobra en efectivo al inicio del tour.<\/span><\/p>\n<p><span lang=\"FR\">&nbsp;<\/span><\/p>\n<p><strong>3. Cancelaciones<\/strong><\/p>\n<p><b>3.1 Para viajes individuales y grupos de menos de 9 personas en circuito<\/b><\/p>\n<p><span lang=\"FR\">En caso de cancelaci\u00f3n entre la validaci\u00f3n del viaje y 45 d\u00edas antes de la salida, le reembolsaremos el 80% del precio del servicio.<\/span><\/p>\n<p><span lang=\"FR\">En caso de cancelaci\u00f3n entre 45 d\u00edas y 15 d\u00edas antes de la salida, se devolver\u00e1 el 50% del precio del servicio.<\/span><\/p>\n<p><span lang=\"FR\">En caso de cancelaci\u00f3n entre 15 d\u00edas y 9 d\u00edas antes de la salida, le reembolsaremos el 25% del precio del servicio.<\/span><\/p>\n<p>3.2 Para grupos de 9 personas y m\u00e1s en circuito<\/p>\n<p><span lang=\"FR\">En caso de cancelaci\u00f3n entre la validaci\u00f3n del viaje y 45 d\u00edas antes de la salida, le reembolsaremos entre el 50% y el 75% del precio del servicio.<\/span><\/p>\n<p><span lang=\"FR\">En caso de cancelaci\u00f3n menos de 45 d\u00edas y 15 d\u00edas antes de la salida, le reembolsaremos entre el 20 y el 45% del precio de la prestaci\u00f3n seg\u00fan los gastos ocasionados.<\/span><\/p>\n<p><span lang=\"FR\"><span style=\"font-weight: bold;\">3.3 Seguro de viaje<\/span><\/span><\/p>\n<p><span lang=\"FR\">Se recomienda encarecidamente contratar un seguro de viaje, cancelaci\u00f3n, asistencia y p\u00e9rdida de equipaje.<br>En efecto, la agencia no puede hacerse cargo de ello.<\/span><\/p>\n<p><span lang=\"FR\">La agencia no realizar\u00e1 ning\u00fan reembolso en caso de:<br>retraso de avi\u00f3n, no-show, incidentes mec\u00e1nicos, mal tiempo, huelgas, excepto desastres naturales en Vietnam (tifones, inundaciones&#8230; sujeto a decretos gubernamentales) o decisi\u00f3n del gobierno vietnamita.<\/span><\/p>\n<p><b><span lang=\"FR\">3.4 Interrupci\u00f3n del viaje<\/span><\/b><\/p>\n<p><span lang=\"FR\">En caso de interrupci\u00f3n voluntaria o involuntaria, no se efectuar\u00e1 ning\u00fan reembolso de las prestaciones no utilizadas.<\/span><\/p>\n<p><b>Toda cancelaci\u00f3n de reserva est\u00e1 sujeta a las siguientes condiciones en periodos normales. Nos reservamos el derecho, a nuestra entera discreci\u00f3n, de proporcionar condiciones m\u00e1s ventajosas dependiendo del motivo de la cancelaci\u00f3n. <\/b><\/p>\n<p><span lang=\"FR\">&nbsp;<\/span><\/p>\n<p><span lang=\"FR\">&nbsp;<\/span><b><span lang=\"FR\">4. Responsabilidades y litigios<\/span><\/b><\/p>\n<p><b><span lang=\"FR\">4.1 Responsabilidades de la agencia<\/span><\/b><\/p>\n<p><span lang=\"FR\">Senteurs du Vietnam act\u00faa como intermediario entre el cliente y algunos proveedores (hoteles, aerol\u00edneas, cruceros, trenes&#8230;). Cada proveedor sigue siendo responsable de su propia prestaci\u00f3n. <\/span><\/p>\n<p><b><span lang=\"FR\">4.2 Actividades espec\u00edficas (buceo, deportes&#8230;)<\/span><\/b><\/p>\n<p><span lang=\"FR\">Las actividades de riesgo requieren un seguro adecuado.<br>Los clientes se comprometen a respetar las instrucciones de seguridad y a evolucionar dentro de los l\u00edmites de su formaci\u00f3n.<\/span><\/p>\n<p>4.3 Cambios de programa y reservas<\/p>\n<p>Los cambios en las fechas de viaje o excursiones se manejan caso por caso y pueden generar costos adicionales.<\/p>\n<p>En caso de imprevisto (tiempo, indisponibilidad del proveedor, crisis sanitaria&#8230;), Senteurs du Vietnam podr\u00e1 ajustar el programa.<br>La agencia propondr\u00e1:<\/p>\n<ul style=\"margin-top: 0in;\" type=\"disc\">\n<li>una alternativa equivalente,<\/li>\n<li><span lang=\"FR\">o un reembolso si no es posible ninguna soluci\u00f3n.<\/span><\/li>\n<\/ul>\n<p><b>4.4 Alojamiento &#8211; Informaci\u00f3n pr\u00e1ctica<\/b><\/p>\n<ul style=\"margin-top: 0in;\" type=\"disc\">\n<li><span lang=\"FR\">Las camas supletorias pueden ser de menor confort.<\/span><\/li>\n<li><span lang=\"FR\">Las cunas o extra pueden implicar un suplemento hotelero.<\/span><\/li>\n<li>en general Check-in: 14h\/ Check-out: 12h.<\/li>\n<li><span lang=\"FR\">Cualquier llegada anticipada o salida tard\u00eda conlleva un suplemento seg\u00fan disponibilidad.<\/span><\/li>\n<\/ul>\n<p><b><span lang=\"FR\">4.5 Documentos de viaje<\/span><\/b><\/p>\n<p><span lang=\"FR\">Cada participante debe verificar la validez y conformidad de sus documentos (pasaporte, visa, permiso, vacunas&#8230;).<br>En caso de falta de documentos, la agencia no ser\u00e1 responsable y no se realizar\u00e1 ning\u00fan reembolso.<\/span><\/p>\n<p><b><span lang=\"FR\">4.6 Reclamaciones<\/span><\/b><\/p>\n<p>Cualquier reclamaci\u00f3n debe ser enviada por correo certificado dentro de los 30 d\u00edas siguientes a la devoluci\u00f3n, acompa\u00f1ada de los justificantes. Cualquier litigio se resolver\u00e1 de manera amistosa. En caso de desacuerdo total, puesto que Senteurs du Vietnam es una sociedad de derecho vietnamita, los tribunales de la ciudad de Hue ser\u00e1n considerados competentes.<\/p>\n<p><strong style=\"color: var( --e-global-color-text ); font-size: var( --e-global-typography-text-font-size );\">5. Tarifas y Pagos<\/strong><\/p>\n<p><span lang=\"FR\">Las tarifas que se muestran&nbsp;en el sitio web son indicativas y no constituyen una cotizaci\u00f3n. Adem\u00e1s las tarifas mencionadas no se refieren al per\u00edodo del A\u00f1o Nuevo Vietnamita (10 d\u00edas antes y 10 d\u00edas despu\u00e9s). <\/span><\/p>\n<p>Adem\u00e1s, las tarifas en euros y d\u00f3lares son solo orientativas, el tipo de cambio vigente es el mencionado en la factura enviada al validar la reserva.<br>Aceptamos pago por transferencia bancaria, tarjeta de cr\u00e9dito a trav\u00e9s de One Pay y efectivo.<br>En cuanto a los pagos por transferencia bancaria, los gastos de transferencia y cambio corren a cargo del cliente y dependen de su entidad bancaria.<br>Para pagos con tarjeta de cr\u00e9dito a trav\u00e9s de One Pay, la tarifa es del 4% y est\u00e1 incluida en el enlace de pago.<\/p>\t\t\t\t\t\t\t\t<\/div>\n\t\t\t\t\t<\/div>\n\t\t<\/div>\n\t\t\t\t\t<\/div>\n\t\t<\/div>\n\t\t\t\t<\/div>\n\t\t","protected":false},"excerpt":{"rendered":"<p>Senteurs du Vietnam &#8211; Condiciones generales de venta Senteurs du Vietnam es una agencia de viajes creada por dos franceses que residen en Vietnam y dependen de la ley vietnamita como lo demuestra la licencia tur\u00edstica local de la empresa disponible aqu\u00ed. 1. Vigencia de las cotizaciones y ofertas enviadas Los precios de nuestros programas [&hellip;]<\/p>\n","protected":false},"author":3,"featured_media":0,"parent":0,"menu_order":0,"comment_status":"closed","ping_status":"closed","template":"","meta":{"inline_featured_image":false,"footnotes":""},"class_list":["post-12337","page","type-page","status-publish","hentry"],"_links":{"self":[{"href":"https:\/\/senteursduvietnam.com\/es\/wp-json\/wp\/v2\/pages\/12337","targetHints":{"allow":["GET"]}}],"collection":[{"href":"https:\/\/senteursduvietnam.com\/es\/wp-json\/wp\/v2\/pages"}],"about":[{"href":"https:\/\/senteursduvietnam.com\/es\/wp-json\/wp\/v2\/types\/page"}],"author":[{"embeddable":true,"href":"https:\/\/senteursduvietnam.com\/es\/wp-json\/wp\/v2\/users\/3"}],"replies":[{"embeddable":true,"href":"https:\/\/senteursduvietnam.com\/es\/wp-json\/wp\/v2\/comments?post=12337"}],"version-history":[{"count":5,"href":"https:\/\/senteursduvietnam.com\/es\/wp-json\/wp\/v2\/pages\/12337\/revisions"}],"predecessor-version":[{"id":19977,"href":"https:\/\/senteursduvietnam.com\/es\/wp-json\/wp\/v2\/pages\/12337\/revisions\/19977"}],"wp:attachment":[{"href":"https:\/\/senteursduvietnam.com\/es\/wp-json\/wp\/v2\/media?parent=12337"}],"curies":[{"name":"wp","href":"https:\/\/api.w.org\/{rel}","templated":true}]}}